{"id":37,"date":"2018-03-07T14:15:56","date_gmt":"2018-03-07T14:15:56","guid":{"rendered":"http:\/\/laatuheina.com\/?page_id=37"},"modified":"2025-09-16T14:43:42","modified_gmt":"2025-09-16T14:43:42","slug":"tuottajat-kartalla","status":"publish","type":"page","link":"https:\/\/laatuheina.com\/","title":{"rendered":"Tervetuloa Etel\u00e4-Suomen Laatuhein\u00e4renkaan sivuille"},"content":{"rendered":"\n<p><br>Ohessa j\u00e4sentilamme kartalla ja alta l\u00f6ytyv\u00e4t suorat yhteystiedot kaikille. <\/p>\n\n\n<pre><code><br \/>\n<iframe loading=\"lazy\" src=\"https:\/\/www.google.com\/maps\/d\/u\/0\/embed?mid=1Rk44s-rCIn6nczFm3MGicii9mKzfNvVi\" width=\"640\" height=\"500\"><\/iframe><\/code><\/pre>\n\n\n<table id=\"tablepress-8\" class=\"tablepress tablepress-id-8\">\n<thead>\n<tr class=\"row-1\">\n\t<th class=\"column-1\">Tuottaja<\/th><th class=\"column-2\">Osoite<\/th><th class=\"column-3\">Tuotteet<\/th>\n<\/tr>\n<\/thead>\n<tbody class=\"row-striping row-hover\">\n<tr class=\"row-2\">\n\t<td class=\"column-1\">Arminen Antti<br \/>\n040 581 7468<br \/>\najarmine@gmail.com<br \/>\n<br \/>\n<\/td><td class=\"column-2\">Kalliontie 3<br \/>\n55300 Rauha<br \/>\n(Lappeenranta)<\/td><td class=\"column-3\">s\u00e4il\u00f6hein\u00e4<br \/>\nolki<\/td>\n<\/tr>\n<tr class=\"row-3\">\n\t<td class=\"column-1\">Evertson Jan-Mikael<br \/>\n040 560 1982<br \/>\njanmikael.evertson@gmail.com<br \/>\nwww.jaminheinapalvelut.fi<\/td><td class=\"column-2\">Embomintie 5<br \/>\n07880 Liljendal (Loviisa)<\/td><td class=\"column-3\">s\u00e4il\u00f6hein\u00e4<br \/>\nolki<\/td>\n<\/tr>\n<tr class=\"row-4\">\n\t<td class=\"column-1\">Gr\u00f6nberg Fredrik<br \/>\nM\u00f6rsbackan tila<br \/>\n0400 666 262<br \/>\nfredrik.gronberg@morsbacka.fi<\/td><td class=\"column-2\">M\u00f6rsbackav\u00e4gen 138<br \/>\n02590 Siuntio<\/td><td class=\"column-3\">kuivahein\u00e4<br \/>\ns\u00e4il\u00f6hein\u00e4<br \/>\nolki<\/td>\n<\/tr>\n<tr class=\"row-5\">\n\t<td class=\"column-1\">Halinen Pekka<br \/>\nHalilan tila<br \/>\n050 359 8470<br \/>\npekka@halilantila.fi<br \/>\nwww.halilantila.fi<br \/>\n<\/td><td class=\"column-2\">Saukkolantie 140, 41940 Vesanka<br \/>\n(Jyv\u00e4skyl\u00e4)<\/td><td class=\"column-3\">kuivahein\u00e4<\/td>\n<\/tr>\n<tr class=\"row-6\">\n\t<td class=\"column-1\">Halme Mika<br \/>\nPyyryl\u00e4n tila<br \/>\n050 354 5123<br \/>\na.halme@pyyryla.fi<br \/>\n<\/td><td class=\"column-2\">Kiviniementie 2<br \/>\nPaimela (Hollola)<\/td><td class=\"column-3\">kuivahein\u00e4<br \/>\ns\u00e4il\u00f6hein\u00e4<br \/>\nolki<\/td>\n<\/tr>\n<tr class=\"row-7\">\n\t<td class=\"column-1\">Hannula Jaakko<br \/>\nVanhakouvon tila<br \/>\n0400 419 470<br \/>\nmyynti@prohay.fi<br \/>\nwww.hevosheina.fi<\/td><td class=\"column-2\">Kanteenmaantie 1305<br \/>\n31970 Kanteenmaa (Punkalaidun)<\/td><td class=\"column-3\"><\/td>\n<\/tr>\n<tr class=\"row-8\">\n\t<td class=\"column-1\">Isotalo Markus<br \/>\nHanhialan tila<br \/>\n050 340 3104<br \/>\nposti@hanhialantila.fi<br \/>\nwww.hanhialantila.fi<\/td><td class=\"column-2\">Hanhijoentie 3<br \/>\n21540 Preitil\u00e4 (Paimio)<\/td><td class=\"column-3\"><\/td>\n<\/tr>\n<tr class=\"row-9\">\n\t<td class=\"column-1\">Kaakkola Anita ja Pekka<br \/>\nKaakkolan tila<br \/>\n0400 498 777 (Anita)<br \/>\n0400 865 031 (Pekka)<br \/>\nanita@kaakkola.com<\/td><td class=\"column-2\">Ourajoentie 111<br \/>\n12920 Topeno (Loppi)<\/td><td class=\"column-3\">kuivahein\u00e4<br \/>\ns\u00e4il\u00f6hein\u00e4<\/td>\n<\/tr>\n<tr class=\"row-10\">\n\t<td class=\"column-1\">Kaskioja Esko ja Terhi<br \/>\nPoison tila<br \/>\n050 551 1081<br \/>\nposointila@gmail.com<\/td><td class=\"column-2\">Posointie 34<br \/>\n03400 VIHTI<\/td><td class=\"column-3\"><\/td>\n<\/tr>\n<tr class=\"row-11\">\n\t<td class=\"column-1\">Koskela Kalle<br \/>\n040 845 1108<br \/>\nkallekosk@hotmail.com<br \/>\nwww.koskelanheina.fi<\/td><td class=\"column-2\">Viljaniementie 68<br \/>\n16300 Orimattila<\/td><td class=\"column-3\"><\/td>\n<\/tr>\n<tr class=\"row-12\">\n\t<td class=\"column-1\">Kotiranta Risto<br \/>\n040 591 8822<br \/>\nristo.kotiranta@pp2.inet.fi<\/td><td class=\"column-2\">Pyttyl\u00e4ntie 54 a<br \/>\n46750 Liikkala<\/td><td class=\"column-3\">kuivahein\u00e4<br \/>\ns\u00e4il\u00f6hein\u00e4<\/td>\n<\/tr>\n<tr class=\"row-13\">\n\t<td class=\"column-1\">Kuusela Aku ja Eetu<br \/>\n0400 114 470<br \/>\ninfo@pollenpaali.fi<br \/>\nwww.pollenpaali.fi<\/td><td class=\"column-2\">Uudentalontie 31 A<br \/>\n32300 Mellil\u00e4<\/td><td class=\"column-3\">kuivahein\u00e4<br \/>\ns\u00e4il\u00f6hein\u00e4<br \/>\nolki, kaura<\/td>\n<\/tr>\n<tr class=\"row-14\">\n\t<td class=\"column-1\">Kyr\u00f6 Aleksis<br \/>\nM\u00e4kel\u00e4n tila<br \/>\n050 5879 146<br \/>\napkyro@gmail.com<br \/>\nwww.makelantila.com<br \/>\n<\/td><td class=\"column-2\">Sammalistontie 301<br \/>\n16300 Orimattila<\/td><td class=\"column-3\">hein\u00e4<br \/>\ns\u00e4il\u00f6hein\u00e4<br \/>\nolki<\/td>\n<\/tr>\n<tr class=\"row-15\">\n\t<td class=\"column-1\">Lahtela-M\u00e4llinen Riitta<br \/>\nPR-talli<br \/>\n0400 107 797<br \/>\nriitta@pr-talli.fi<br \/>\nwww.pr-talli.fi<\/td><td class=\"column-2\">Levoj\u00e4rventie 165<br \/>\n06100 Porvoo<\/td><td class=\"column-3\">kuivahein\u00e4<br \/>\ns\u00e4il\u00f6hein\u00e4<\/td>\n<\/tr>\n<tr class=\"row-16\">\n\t<td class=\"column-1\">Laurila Erkki<br \/>\nArpalahden tila<br \/>\n040 502 4032<br \/>\narpalahti@pernio.salonseutu.fi<br \/>\nwww.arpalahdenheina.fi<\/td><td class=\"column-2\">Yliskyl\u00e4ntie 71<br \/>\n25520 Perni\u00f6 As.<\/td><td class=\"column-3\"><\/td>\n<\/tr>\n<tr class=\"row-17\">\n\t<td class=\"column-1\">Manner Kimmo<br \/>\n0400 602 023<br \/>\nkimmo.manner1@pp.inet.fi<\/td><td class=\"column-2\">Tillintie 333<br \/>\n07190 Halkia<\/td><td class=\"column-3\"><\/td>\n<\/tr>\n<tr class=\"row-18\">\n\t<td class=\"column-1\">Mty Juha ja Neea Heinonen<br \/>\nM\u00e4kitien tila<br \/>\n040 7039 275 Juha <br \/>\n040 1788998 Neea <br \/>\njuha.heinonen@elisanet.fi<br \/>\n<\/td><td class=\"column-2\">M\u00f6lkintie 135<br \/>\r\n03400 Vihti<\/td><td class=\"column-3\">kuivahein\u00e4<br \/>\r\ns\u00e4il\u00f6hein\u00e4<\/td>\n<\/tr>\n<tr class=\"row-19\">\n\t<td class=\"column-1\">M\u00e4ki Valtteri (lomalla)<br \/>\n0400 204 629<br \/>\nvaltteri.maki@kolumbus.fi<\/td><td class=\"column-2\">Holmilantie 200<br \/>\n12240 Hiki\u00e4 (Hausj\u00e4rvi)<\/td><td class=\"column-3\">kuivahein\u00e4<br \/>\ns\u00e4il\u00f6hein\u00e4<\/td>\n<\/tr>\n<tr class=\"row-20\">\n\t<td class=\"column-1\">M\u00e4kinen Heikki ja Kalle<br \/>\n050 552 8167 Heikki myynti<br \/>\n050 535 1981 Kalle, tuotanto<br \/>\nheikmak@dnainternet.net<br \/>\nkalle.makinen@dnainternet.net<\/td><td class=\"column-2\">Immulantie 346<br \/>\n08500 Lohja<\/td><td class=\"column-3\"><\/td>\n<\/tr>\n<tr class=\"row-21\">\n\t<td class=\"column-1\">M\u00e4yr\u00e4 Tero<br \/>\nKarhulan tila<br \/>\n050 535 8952<br \/>\ntero.mayra@phnet.fi<br \/>\n<\/td><td class=\"column-2\">Karhulantie 96<br \/>\n19770 Valittula (Hartola)<\/td><td class=\"column-3\"><\/td>\n<\/tr>\n<tr class=\"row-22\">\n\t<td class=\"column-1\">Nakari Petri<br \/>\n040 777 6317<br \/>\npetri.nakari@luukku.com<\/td><td class=\"column-2\">Kaarenkyl\u00e4<br \/>\nPorvoo<\/td><td class=\"column-3\"><\/td>\n<\/tr>\n<tr class=\"row-23\">\n\t<td class=\"column-1\">Nordenswan Tomas<br \/>\nSoiniityn kartano<br \/>\n040 503 4659<br \/>\ntomas.nordenswan@soiniitty.fi<br \/>\nwww.soiniitty.fi<\/td><td class=\"column-2\">Soiniityntie 50<br \/>\n47200 Elim\u00e4ki<\/td><td class=\"column-3\">kuivahein\u00e4<br \/>\ns\u00e4il\u00f6hein\u00e4<br \/>\nolki<\/td>\n<\/tr>\n<tr class=\"row-24\">\n\t<td class=\"column-1\">Ripatti Juhani<br \/>\nKoivulan tila<br \/>\n0400 779 586<br \/>\ntiinaripatti@kolumbus.fi<\/td><td class=\"column-2\">Vihti<\/td><td class=\"column-3\"><\/td>\n<\/tr>\n<tr class=\"row-25\">\n\t<td class=\"column-1\">Saari Janne<br \/>\n0400 528 190<br \/>\njanne.saari@koski.fi<br \/>\n<\/td><td class=\"column-2\">Koski Tl<\/td><td class=\"column-3\"><\/td>\n<\/tr>\n<tr class=\"row-26\">\n\t<td class=\"column-1\">Sivo Juha<br \/>\nKokkosalon tila<br \/>\n0500 378 178<br \/>\njuha.sivo@phnet.fi<br \/>\nwww.kokkosalontila.com<\/td><td class=\"column-2\">Sairakkalantie 461<br \/>\n16610 K\u00e4rk\u00f6l\u00e4<\/td><td class=\"column-3\">kuivahein\u00e4<br \/>\ns\u00e4il\u00f6hein\u00e4<\/td>\n<\/tr>\n<tr class=\"row-27\">\n\t<td class=\"column-1\">Vesala Jussi<br \/>\n050 301 3660<br \/>\njussi_vesala@hotmail.com<\/td><td class=\"column-2\">Suokulmantie 237<br \/>\n31110 Matku (Forssa)<\/td><td class=\"column-3\"><\/td>\n<\/tr>\n<tr class=\"row-28\">\n\t<td class=\"column-1\">Vesanen Heikki<br \/>\nHovirinnan tila<br \/>\n0400 672 119<br \/>\nheikki.vesanen@koski.fi<\/td><td class=\"column-2\">Hovintie 45<br \/>\n31500 Koski Tl<\/td><td class=\"column-3\"><\/td>\n<\/tr>\n<tr class=\"row-29\">\n\t<td class=\"column-1\">Vinnamo Harri<br \/>\nVilperin tila<br \/>\n0400 714 704<br \/>\nwww.vilperintila.fi<\/td><td class=\"column-2\">Kaitiosuontie 48<br \/>\n16630 Tennil\u00e4 (Hollola)<\/td><td class=\"column-3\">kuivahein\u00e4<br \/>\ns\u00e4il\u00f6hein\u00e4<\/td>\n<\/tr>\n<\/tbody>\n<\/table>\n<!-- #tablepress-8 from cache -->\n","protected":false},"excerpt":{"rendered":"<p>Ohessa j\u00e4sentilamme kartalla ja alta l\u00f6ytyv\u00e4t suorat yhteystiedot kaikille.<\/p>\n","protected":false},"author":1,"featured_media":0,"parent":0,"menu_order":1,"comment_status":"closed","ping_status":"closed","template":"","meta":{"footnotes":""},"class_list":["post-37","page","type-page","status-publish","hentry"],"_links":{"self":[{"href":"https:\/\/laatuheina.com\/index.php?rest_route=\/wp\/v2\/pages\/37","targetHints":{"allow":["GET"]}}],"collection":[{"href":"https:\/\/laatuheina.com\/index.php?rest_route=\/wp\/v2\/pages"}],"about":[{"href":"https:\/\/laatuheina.com\/index.php?rest_route=\/wp\/v2\/types\/page"}],"author":[{"embeddable":true,"href":"https:\/\/laatuheina.com\/index.php?rest_route=\/wp\/v2\/users\/1"}],"replies":[{"embeddable":true,"href":"https:\/\/laatuheina.com\/index.php?rest_route=%2Fwp%2Fv2%2Fcomments&post=37"}],"version-history":[{"count":46,"href":"https:\/\/laatuheina.com\/index.php?rest_route=\/wp\/v2\/pages\/37\/revisions"}],"predecessor-version":[{"id":581,"href":"https:\/\/laatuheina.com\/index.php?rest_route=\/wp\/v2\/pages\/37\/revisions\/581"}],"wp:attachment":[{"href":"https:\/\/laatuheina.com\/index.php?rest_route=%2Fwp%2Fv2%2Fmedia&parent=37"}],"curies":[{"name":"wp","href":"https:\/\/api.w.org\/{rel}","templated":true}]}}