{"id":10,"date":"2018-03-07T13:32:40","date_gmt":"2018-03-07T13:32:40","guid":{"rendered":"http:\/\/laatuheina.com\/?page_id=10"},"modified":"2022-12-02T11:37:04","modified_gmt":"2022-12-02T11:37:04","slug":"toiminta","status":"publish","type":"page","link":"https:\/\/laatuheina.com\/?page_id=10","title":{"rendered":"Toiminta"},"content":{"rendered":"<p>Renkaan toiminta on alkanut jo kolmisenkymment\u00e4 vuotta sitten, ensin Maaseutukeskuksen ja sittemmin Pro Agrian yhteydess\u00e4 kokoontuvana hevoshein\u00e4\u00e4n erikoistuneiden viljelij\u00f6iden ryhm\u00e4n\u00e4. Vuonna 2018 rekist\u00f6r\u00f6idyimme yhdistykseksi, yhteisty\u00f6 Pro Agrian kanssa jatkuu ja renkaan asiamiehen\u00e4 ja sihteerin\u00e4 toimii Ville Alitalo Etel\u00e4-Suomen Pro Agriasta.<br \/>\nJohtokuntaan kuuluu puheenjohtajan ja varapuheenjohtajan lis\u00e4ksi 3 j\u00e4sent\u00e4.<br \/>\nJ\u00e4senist\u00f6 on jaettu piireitt\u00e4in johtokunnan j\u00e4senille tiedotuksen ja yhteydenpidon helpottamiseksi.<\/p>\n<p>Renkaan tarkoitus on parantaa j\u00e4sentens\u00e4 tietotaitoa sek\u00e4 tuotteiden ja\u00a0 menetelmien laatua.<br \/>\nTapaamisia pellonpientareella, koulutuksia, retki\u00e4, tiedon vaihtoa ja muuta yhteistoimintaa hevosrehujen ymp\u00e4rill\u00e4. Teemme my\u00f6s suosittuja opintomatkoja ulkomaille.<\/p>\n<p>Uudet j\u00e4senet tekev\u00e4t hakemuksen johtokunnalle, j\u00e4senist\u00f6 hyv\u00e4ksyy uusia j\u00e4seni\u00e4 mik\u00e4li heid\u00e4n katsotaan sopivan renkaan toimintatapoihin ja osoittavan pyrkimyst\u00e4 ja osaamista laadukkaan hevoshein\u00e4n tekemiseen. Lis\u00e4tietoja johtokunnalta tai renkaan asiamiehelt\u00e4.<\/p>\n<h2><strong>Johtokunta 2022-<\/strong><\/h2>\n\n<table id=\"tablepress-1\" class=\"tablepress tablepress-id-1\">\n<thead>\n<tr class=\"row-1\">\n\t<td class=\"column-1\"><\/td><td class=\"column-2\"><\/td><td class=\"column-3\"><\/td><td class=\"column-4\"><\/td>\n<\/tr>\n<\/thead>\n<tbody class=\"row-striping row-hover\">\n<tr class=\"row-2\">\n\t<td class=\"column-1\">Puheenjohtaja<\/td><td class=\"column-2\">Antti Arminen<\/td><td class=\"column-3\">040 581 7468<\/td><td class=\"column-4\">ajarmine@gmail.com<\/td>\n<\/tr>\n<tr class=\"row-3\">\n\t<td class=\"column-1\">Varapuheenjohtaja<\/td><td class=\"column-2\">Aku Kuusela<\/td><td class=\"column-3\">0400 114470<\/td><td class=\"column-4\">aku.kuusela@pollenpaali.fi<\/td>\n<\/tr>\n<tr class=\"row-4\">\n\t<td class=\"column-1\">J\u00e4sen<\/td><td class=\"column-2\">Kalle Koskela<\/td><td class=\"column-3\">040 845 1108<\/td><td class=\"column-4\">kallekosk@hotmail.com<\/td>\n<\/tr>\n<tr class=\"row-5\">\n\t<td class=\"column-1\">J\u00e4sen<\/td><td class=\"column-2\">Riitta Lahtela-M\u00e4llinen<\/td><td class=\"column-3\">0400 107 797<\/td><td class=\"column-4\">riitta@pr-talli.fi<\/td>\n<\/tr>\n<tr class=\"row-6\">\n\t<td class=\"column-1\">J\u00e4sen<\/td><td class=\"column-2\">Markus Isotalo<\/td><td class=\"column-3\">050 340 3104<\/td><td class=\"column-4\">posti@hanhialantila.fi<\/td>\n<\/tr>\n<tr class=\"row-7\">\n\t<td class=\"column-1\">Sihteeri<\/td><td class=\"column-2\">Ville Alitalo<\/td><td class=\"column-3\">040 1488 996<\/td><td class=\"column-4\">ville.alitalo@proagria.fi<\/td>\n<\/tr>\n<\/tbody>\n<\/table>\n\n","protected":false},"excerpt":{"rendered":"<p>Renkaan toiminta on alkanut jo kolmisenkymment\u00e4 vuotta sitten, ensin Maaseutukeskuksen ja sittemmin Pro Agrian yhteydess\u00e4 kokoontuvana hevoshein\u00e4\u00e4n erikoistuneiden viljelij\u00f6iden ryhm\u00e4n\u00e4. Vuonna 2018 rekist\u00f6r\u00f6idyimme yhdistykseksi, yhteisty\u00f6 Pro Agrian kanssa jatkuu ja renkaan asiamiehen\u00e4 ja sihteerin\u00e4 toimii Ville Alitalo Etel\u00e4-Suomen Pro Agriasta. Johtokuntaan kuuluu puheenjohtajan ja varapuheenjohtajan lis\u00e4ksi 3 j\u00e4sent\u00e4. J\u00e4senist\u00f6 on jaettu piireitt\u00e4in johtokunnan j\u00e4senille tiedotuksen &hellip; <\/p>\n<p class=\"link-more\"><a href=\"https:\/\/laatuheina.com\/?page_id=10\" class=\"more-link\">Jatka lukemista<span class=\"screen-reader-text\"> &#8221;Toiminta&#8221;<\/span><\/a><\/p>\n","protected":false},"author":1,"featured_media":0,"parent":0,"menu_order":0,"comment_status":"closed","ping_status":"closed","template":"","meta":{"footnotes":""},"class_list":["post-10","page","type-page","status-publish","hentry"],"_links":{"self":[{"href":"https:\/\/laatuheina.com\/index.php?rest_route=\/wp\/v2\/pages\/10","targetHints":{"allow":["GET"]}}],"collection":[{"href":"https:\/\/laatuheina.com\/index.php?rest_route=\/wp\/v2\/pages"}],"about":[{"href":"https:\/\/laatuheina.com\/index.php?rest_route=\/wp\/v2\/types\/page"}],"author":[{"embeddable":true,"href":"https:\/\/laatuheina.com\/index.php?rest_route=\/wp\/v2\/users\/1"}],"replies":[{"embeddable":true,"href":"https:\/\/laatuheina.com\/index.php?rest_route=%2Fwp%2Fv2%2Fcomments&post=10"}],"version-history":[{"count":7,"href":"https:\/\/laatuheina.com\/index.php?rest_route=\/wp\/v2\/pages\/10\/revisions"}],"predecessor-version":[{"id":536,"href":"https:\/\/laatuheina.com\/index.php?rest_route=\/wp\/v2\/pages\/10\/revisions\/536"}],"wp:attachment":[{"href":"https:\/\/laatuheina.com\/index.php?rest_route=%2Fwp%2Fv2%2Fmedia&parent=10"}],"curies":[{"name":"wp","href":"https:\/\/api.w.org\/{rel}","templated":true}]}}